{"id":6732,"date":"2022-05-10T11:54:46","date_gmt":"2022-05-10T09:54:46","guid":{"rendered":"https:\/\/www.robertmichit.com\/store\/"},"modified":"2026-04-14T01:47:34","modified_gmt":"2026-04-13T23:47:34","slug":"store","status":"publish","type":"page","link":"https:\/\/www.robertmichit.com\/fr\/store\/","title":{"rendered":"Store"},"content":{"rendered":"<section class=\"ec_product_page ec_product_shortcode_no_borders\" id=\"ec_product_page\">\n\n\t\n\t\n\t\n\t<div class=\"ec_product_page_sort\">\n\n\t\t\n\t\t\n\t\t\n\t\t\n\t\t\n\t\t\n\t<\/div>\n\n\t<div class=\"ec_product_added_to_cart\">\n\t\t<div class=\"ec_product_added_icon\"><\/div>Produit a \u00e9t\u00e9 ajout\u00e9 \u00e0 votre panier. <a href=\"https:\/\/www.robertmichit.com\/fr\/cart\/\" title=\"mon panier\">mon panier<\/a>\n\t<\/div>\n\t<ul  id=\"ec_store_product_list\">\n<li class=\"ec_product_li\" id=\"ec_product_li_prise-de-decision\" data-wpec-cats=\"\">\n\n\n\n\n\n\n\n\t<div style=\"padding:0px; margin:auto; vertical-align:middle;\" class=\"ec_product_type1\" id=\"ec_product_image_prise-de-decision\">\n\n\t\t\t\t<div id=\"ec_product_image_effect_prise-de-decision\" class=\"ec_image_container_none ec_dynamic_image_height dynamic_height_rule\">\n\t\t\t\t\t\t<a href=\"https:\/\/www.robertmichit.com\/fr\/store\/?model_number=prise-de-decision\" class=\"ec_image_link_cover\"><\/a>\n\n\t\t\t\t\t\t\t\t\t<div class=\"ec_product_image_display_type ec_single_none_container ec_dynamic_image_height dynamic_height_rule\">\n\n\t\t\t\t\n\t\t\t\t\t\t\t\t<div class=\"ec_dynamic_image_height ec_product_image_container  dynamic_height_rule\">\n\n\t\t\t\t\t\n\t\t\t\t\t<div class=\"ec_dynamic_image_height ec_product_image_1  dynamic_height_rule\"><img decoding=\"async\" src=\"https:\/\/www.robertmichit.com\/wp-content\/uploads\/2022\/04\/De\u0301cision.jpg\" alt=\"Prise de d\u00e9cision\" class=\"skip-lazy\" \/><\/div>\n\n\t\t\t\t\t\n\t\t\t\t<\/div>\n\t\t\t\t\t\t\t<\/div>\n\t\t\t\t\t<\/div>\n\n\t\t\t\t<div class=\"ec_product_meta_type6\">\n\t\t\t\t\t\t<h3 class=\"ec_product_title\"><a href=\"https:\/\/www.robertmichit.com\/fr\/store\/?model_number=prise-de-decision\" class=\"ec_image_link_cover\">Prise de d\u00e9cision<\/a><\/h3>\n\t\t\t\t\t\t\t\t\t\t\t\t\t\t\t\t\t\t\t\t\t<div class=\"ec_price_container1\">\n\t\t\t\t\t\t\t\t\t\t\t\t<span class=\"ec_price\">0,00&euro;<\/span>\n\t\t\t\t\t<\/div>\n\t\t\t\t\t\t\t\t\t\t\t\t\t\n\t\t\t\n\t\t\t\t\t\t\t\t\t<div class=\"ec_product_addtocart_container\"><span class=\"ec_product_addtocart ec_product_addtocart_no_margin\"><a href=\"https:\/\/www.robertmichit.com\/fr\/store\/?model_number=prise-de-decision\" target=\"_self\">VOIR LA FORMATION<\/a><\/span><\/div>\n\t\t\t\n\t\t\t\t\t<\/div>\n\n\t\t\n\t\t\t\t<h3 class=\"ec_product_title_type1\"><a href=\"https:\/\/www.robertmichit.com\/fr\/store\/?model_number=prise-de-decision\" class=\"ec_image_link_cover\">Prise de d\u00e9cision<\/a><\/h3>\n\t\t\t\t\t\t\t\t\n\t\t\t\t\t\t<div class=\"ec_price_container_type1\">\n\t\t\t\t\t\t<span class=\"ec_price_type1\">0,00&euro;<\/span>\n\t\t\t\t\t<\/div>\n\t\t\t\t\n\t\t\n\t\t\t\t\t\t\t\t<div class=\"ec_product_addtocart_container\"><span class=\"ec_product_addtocart ec_product_addtocart_no_margin\"><a href=\"https:\/\/www.robertmichit.com\/fr\/store\/?model_number=prise-de-decision\">VOIR LA FORMATION<\/a><\/span><\/div>\n\t\t\t\t\n\t\t\n\t\t\t\t\n\t\t<div class=\"ec_product_successfully_added_container\" id=\"ec_product_added_prise-de-decision\"><div class=\"ec_product_successfully_added\"><div>Ajout\u00e9 avec succ\u00e8s \u00e0 votre panier<\/div><\/div><\/div>\n\n\t\t<div class=\"ec_product_loader_container\" id=\"ec_product_loader_prise-de-decision\"><div class=\"ec_product_loader\"><div>Ajout au panier...<\/div><\/div><\/div>\n\n\t<\/div>\n\n<\/li>\n<li class=\"ec_product_li\" id=\"ec_product_li_animation-des-equipes\" data-wpec-cats=\"\">\n\n\n\n\n\n\n\n\t<div style=\"padding:0px; margin:auto; vertical-align:middle;\" class=\"ec_product_type1\" id=\"ec_product_image_animation-des-equipes\">\n\n\t\t\t\t<div id=\"ec_product_image_effect_animation-des-equipes\" class=\"ec_image_container_none ec_dynamic_image_height dynamic_height_rule\">\n\t\t\t\t\t\t<a href=\"https:\/\/www.robertmichit.com\/fr\/store\/?model_number=animation-des-equipes\" class=\"ec_image_link_cover\"><\/a>\n\n\t\t\t\t\t\t\t\t\t<div class=\"ec_product_image_display_type ec_single_none_container ec_dynamic_image_height dynamic_height_rule\">\n\n\t\t\t\t\n\t\t\t\t\t\t\t\t<div class=\"ec_dynamic_image_height ec_product_image_container  dynamic_height_rule\">\n\n\t\t\t\t\t\n\t\t\t\t\t<div class=\"ec_dynamic_image_height ec_product_image_1  dynamic_height_rule\"><img decoding=\"async\" src=\"https:\/\/www.robertmichit.com\/wp-content\/uploads\/2022\/04\/Animation.jpg\" alt=\"Animation des \u00e9quipes\" class=\"skip-lazy\" \/><\/div>\n\n\t\t\t\t\t\n\t\t\t\t<\/div>\n\t\t\t\t\t\t\t<\/div>\n\t\t\t\t\t<\/div>\n\n\t\t\t\t<div class=\"ec_product_meta_type6\">\n\t\t\t\t\t\t<h3 class=\"ec_product_title\"><a href=\"https:\/\/www.robertmichit.com\/fr\/store\/?model_number=animation-des-equipes\" class=\"ec_image_link_cover\">Animation des \u00e9quipes<\/a><\/h3>\n\t\t\t\t\t\t\t\t\t\t\t\t\t\t\t\t\t\t\t\t\t<div class=\"ec_price_container1\">\n\t\t\t\t\t\t\t\t\t\t\t\t<span class=\"ec_price\">0,00&euro;<\/span>\n\t\t\t\t\t<\/div>\n\t\t\t\t\t\t\t\t\t\t\t\t\t\n\t\t\t\n\t\t\t\t\t\t\t\t\t<div class=\"ec_product_addtocart_container\"><span class=\"ec_product_addtocart ec_product_addtocart_no_margin\"><a href=\"https:\/\/www.robertmichit.com\/fr\/store\/?model_number=animation-des-equipes\" target=\"_self\">VOIR LA FORMATION<\/a><\/span><\/div>\n\t\t\t\n\t\t\t\t\t<\/div>\n\n\t\t\n\t\t\t\t<h3 class=\"ec_product_title_type1\"><a href=\"https:\/\/www.robertmichit.com\/fr\/store\/?model_number=animation-des-equipes\" class=\"ec_image_link_cover\">Animation des \u00e9quipes<\/a><\/h3>\n\t\t\t\t\t\t\t\t\n\t\t\t\t\t\t<div class=\"ec_price_container_type1\">\n\t\t\t\t\t\t<span class=\"ec_price_type1\">0,00&euro;<\/span>\n\t\t\t\t\t<\/div>\n\t\t\t\t\n\t\t\n\t\t\t\t\t\t\t\t<div class=\"ec_product_addtocart_container\"><span class=\"ec_product_addtocart ec_product_addtocart_no_margin\"><a href=\"https:\/\/www.robertmichit.com\/fr\/store\/?model_number=animation-des-equipes\">VOIR LA FORMATION<\/a><\/span><\/div>\n\t\t\t\t\n\t\t\n\t\t\t\t\n\t\t<div class=\"ec_product_successfully_added_container\" id=\"ec_product_added_animation-des-equipes\"><div class=\"ec_product_successfully_added\"><div>Ajout\u00e9 avec succ\u00e8s \u00e0 votre panier<\/div><\/div><\/div>\n\n\t\t<div class=\"ec_product_loader_container\" id=\"ec_product_loader_animation-des-equipes\"><div class=\"ec_product_loader\"><div>Ajout au panier...<\/div><\/div><\/div>\n\n\t<\/div>\n\n<\/li>\n<li class=\"ec_product_li\" id=\"ec_product_li_analyse-des-situations\" data-wpec-cats=\"\">\n\n\n\n\n\n\n\n\t<div style=\"padding:0px; margin:auto; vertical-align:middle;\" class=\"ec_product_type1\" id=\"ec_product_image_analyse-des-situations\">\n\n\t\t\t\t<div id=\"ec_product_image_effect_analyse-des-situations\" class=\"ec_image_container_none ec_dynamic_image_height dynamic_height_rule\">\n\t\t\t\t\t\t<a href=\"https:\/\/www.robertmichit.com\/fr\/store\/?model_number=analyse-des-situations\" class=\"ec_image_link_cover\"><\/a>\n\n\t\t\t\t\t\t\t\t\t<div class=\"ec_product_image_display_type ec_single_none_container ec_dynamic_image_height dynamic_height_rule\">\n\n\t\t\t\t\n\t\t\t\t\t\t\t\t<div class=\"ec_dynamic_image_height ec_product_image_container  dynamic_height_rule\">\n\n\t\t\t\t\t\n\t\t\t\t\t<div class=\"ec_dynamic_image_height ec_product_image_1  dynamic_height_rule\"><img decoding=\"async\" src=\"https:\/\/www.robertmichit.com\/wp-content\/uploads\/2022\/03\/Analyse.jpg\" alt=\"Analyse des situations\" class=\"skip-lazy\" \/><\/div>\n\n\t\t\t\t\t\n\t\t\t\t<\/div>\n\t\t\t\t\t\t\t<\/div>\n\t\t\t\t\t<\/div>\n\n\t\t\t\t<div class=\"ec_product_meta_type6\">\n\t\t\t\t\t\t<h3 class=\"ec_product_title\"><a href=\"https:\/\/www.robertmichit.com\/fr\/store\/?model_number=analyse-des-situations\" class=\"ec_image_link_cover\">Analyse des situations<\/a><\/h3>\n\t\t\t\t\t\t\t\t\t\t\t\t\t\t\t\t\t\t\t\t\t<div class=\"ec_price_container1\">\n\t\t\t\t\t\t\t\t\t\t\t\t<span class=\"ec_price\">0,00&euro;<\/span>\n\t\t\t\t\t<\/div>\n\t\t\t\t\t\t\t\t\t\t\t\t\t\n\t\t\t\n\t\t\t\t\t\t\t\t\t<div class=\"ec_product_addtocart_container\"><span class=\"ec_product_addtocart ec_product_addtocart_no_margin\"><a href=\"https:\/\/www.robertmichit.com\/fr\/store\/?model_number=analyse-des-situations\" target=\"_self\">VOIR LA FORMATION<\/a><\/span><\/div>\n\t\t\t\n\t\t\t\t\t<\/div>\n\n\t\t\n\t\t\t\t<h3 class=\"ec_product_title_type1\"><a href=\"https:\/\/www.robertmichit.com\/fr\/store\/?model_number=analyse-des-situations\" class=\"ec_image_link_cover\">Analyse des situations<\/a><\/h3>\n\t\t\t\t\t\t\t\t\n\t\t\t\t\t\t<div class=\"ec_price_container_type1\">\n\t\t\t\t\t\t<span class=\"ec_price_type1\">0,00&euro;<\/span>\n\t\t\t\t\t<\/div>\n\t\t\t\t\n\t\t\n\t\t\t\t\t\t\t\t<div class=\"ec_product_addtocart_container\"><span class=\"ec_product_addtocart ec_product_addtocart_no_margin\"><a href=\"https:\/\/www.robertmichit.com\/fr\/store\/?model_number=analyse-des-situations\">VOIR LA FORMATION<\/a><\/span><\/div>\n\t\t\t\t\n\t\t\n\t\t\t\t\n\t\t<div class=\"ec_product_successfully_added_container\" id=\"ec_product_added_analyse-des-situations\"><div class=\"ec_product_successfully_added\"><div>Ajout\u00e9 avec succ\u00e8s \u00e0 votre panier<\/div><\/div><\/div>\n\n\t\t<div class=\"ec_product_loader_container\" id=\"ec_product_loader_analyse-des-situations\"><div class=\"ec_product_loader\"><div>Ajout au panier...<\/div><\/div><\/div>\n\n\t<\/div>\n\n<\/li><\/ul>\n\t\t<div style=\"clear:both\"><\/div>\n\n\t\n\t<\/section>","protected":false},"excerpt":{"rendered":"","protected":false},"author":1,"featured_media":0,"parent":0,"menu_order":0,"comment_status":"closed","ping_status":"closed","template":"","meta":{"footnotes":""},"class_list":["post-6732","page","type-page","status-publish","hentry"],"_links":{"self":[{"href":"https:\/\/www.robertmichit.com\/fr\/wp-json\/wp\/v2\/pages\/6732","targetHints":{"allow":["GET"]}}],"collection":[{"href":"https:\/\/www.robertmichit.com\/fr\/wp-json\/wp\/v2\/pages"}],"about":[{"href":"https:\/\/www.robertmichit.com\/fr\/wp-json\/wp\/v2\/types\/page"}],"author":[{"embeddable":true,"href":"https:\/\/www.robertmichit.com\/fr\/wp-json\/wp\/v2\/users\/1"}],"replies":[{"embeddable":true,"href":"https:\/\/www.robertmichit.com\/fr\/wp-json\/wp\/v2\/comments?post=6732"}],"version-history":[{"count":1,"href":"https:\/\/www.robertmichit.com\/fr\/wp-json\/wp\/v2\/pages\/6732\/revisions"}],"predecessor-version":[{"id":6811,"href":"https:\/\/www.robertmichit.com\/fr\/wp-json\/wp\/v2\/pages\/6732\/revisions\/6811"}],"wp:attachment":[{"href":"https:\/\/www.robertmichit.com\/fr\/wp-json\/wp\/v2\/media?parent=6732"}],"curies":[{"name":"wp","href":"https:\/\/api.w.org\/{rel}","templated":true}]}}